{"id":20,"date":"2021-09-28T15:04:34","date_gmt":"2021-09-28T15:04:34","guid":{"rendered":"http:\/\/www.jura-trockenbau.de\/jtcms\/?page_id=20"},"modified":"2023-01-26T08:46:48","modified_gmt":"2023-01-26T08:46:48","slug":"startseite","status":"publish","type":"page","link":"https:\/\/www.jura-trockenbau.de\/jtcms\/","title":{"rendered":"Willkommen"},"content":{"rendered":"\n<p class=\"has-large-font-size\"><strong>Jura Trockenbau<\/strong><\/p>\n\n\n\n<p class=\"has-medium-font-size\">Ihr kompetenter und zuverl\u00e4ssiger Partner f\u00fcr Fliesenlegerarbeiten, Trockenbau und Verlegen aller Art Bodenbel\u00e4ge.<br><br><strong>Wir freuen uns auf Ihr Projekt!<\/strong><br><br><\/p>\n\n\n\n<p><\/p>\n","protected":false},"excerpt":{"rendered":"<p>Jura Trockenbau Ihr kompetenter und zuverl\u00e4ssiger Partner f\u00fcr Fliesenlegerarbeiten, Trockenbau und Verlegen aller Art Bodenbel\u00e4ge. Wir freuen uns auf Ihr Projekt!<\/p>\n","protected":false},"author":1,"featured_media":355,"parent":0,"menu_order":0,"comment_status":"closed","ping_status":"closed","template":"page-templates\/page_fullwidth.php","meta":{"footnotes":""},"jetpack_sharing_enabled":true,"_links":{"self":[{"href":"https:\/\/www.jura-trockenbau.de\/jtcms\/wp-json\/wp\/v2\/pages\/20"}],"collection":[{"href":"https:\/\/www.jura-trockenbau.de\/jtcms\/wp-json\/wp\/v2\/pages"}],"about":[{"href":"https:\/\/www.jura-trockenbau.de\/jtcms\/wp-json\/wp\/v2\/types\/page"}],"author":[{"embeddable":true,"href":"https:\/\/www.jura-trockenbau.de\/jtcms\/wp-json\/wp\/v2\/users\/1"}],"replies":[{"embeddable":true,"href":"https:\/\/www.jura-trockenbau.de\/jtcms\/wp-json\/wp\/v2\/comments?post=20"}],"version-history":[{"count":9,"href":"https:\/\/www.jura-trockenbau.de\/jtcms\/wp-json\/wp\/v2\/pages\/20\/revisions"}],"predecessor-version":[{"id":519,"href":"https:\/\/www.jura-trockenbau.de\/jtcms\/wp-json\/wp\/v2\/pages\/20\/revisions\/519"}],"wp:featuredmedia":[{"embeddable":true,"href":"https:\/\/www.jura-trockenbau.de\/jtcms\/wp-json\/wp\/v2\/media\/355"}],"wp:attachment":[{"href":"https:\/\/www.jura-trockenbau.de\/jtcms\/wp-json\/wp\/v2\/media?parent=20"}],"curies":[{"name":"wp","href":"https:\/\/api.w.org\/{rel}","templated":true}]}}