{"id":12,"date":"2021-09-28T15:02:05","date_gmt":"2021-09-28T15:02:05","guid":{"rendered":"http:\/\/www.jura-trockenbau.de\/jtcms\/?page_id=12"},"modified":"2023-01-26T14:33:51","modified_gmt":"2023-01-26T14:33:51","slug":"ueber-uns","status":"publish","type":"page","link":"https:\/\/www.jura-trockenbau.de\/jtcms\/ueber-uns\/","title":{"rendered":"\u00dcber uns"},"content":{"rendered":"\n<p class=\"has-medium-font-size\">Jura Trockenbau ist seit rund 10 Jahren in den Bereichen Sanierung, Instandhaltung und Gestaltung t\u00e4tig. <br>Wir bieten Leistungen im Au\u00dfenbereich, wie Balkone, Wege, Terrassen etc., und im Innebereich, wie Trennw\u00e4nde, Fliesen- oder Verlegearbeiten und vieles mehr! <br>Die Mitarbeiter der Firma Trockenbau GmbH &amp; Co. KG sind Spezialisten auf ihren jeweiligen Gebieten und stehen Ihnen mit entsprechender Berufserfahrung sowie Rat und Tat zur Seite.<br><br>Unsere Fachleute f\u00fchren zuverl\u00e4ssig verschiedenste Arbeiten in privaten und gewerblichen R\u00e4umen f\u00fcr Sie aus (<a href=\"https:\/\/www.jura-trockenbau.de\/jtcms\/?page_id=14\" data-type=\"page\" data-id=\"14\">siehe auch Leistungen<\/a>).<br><br> <\/p>\n","protected":false},"excerpt":{"rendered":"<p>Jura Trockenbau ist seit rund 10 Jahren in den Bereichen Sanierung, Instandhaltung und Gestaltung t\u00e4tig. Wir bieten Leistungen im Au\u00dfenbereich, wie Balkone, Wege, Terrassen etc., [&hellip;]<\/p>\n","protected":false},"author":1,"featured_media":36,"parent":0,"menu_order":0,"comment_status":"closed","ping_status":"closed","template":"page-templates\/page_fullwidth.php","meta":{"footnotes":""},"jetpack_sharing_enabled":true,"_links":{"self":[{"href":"https:\/\/www.jura-trockenbau.de\/jtcms\/wp-json\/wp\/v2\/pages\/12"}],"collection":[{"href":"https:\/\/www.jura-trockenbau.de\/jtcms\/wp-json\/wp\/v2\/pages"}],"about":[{"href":"https:\/\/www.jura-trockenbau.de\/jtcms\/wp-json\/wp\/v2\/types\/page"}],"author":[{"embeddable":true,"href":"https:\/\/www.jura-trockenbau.de\/jtcms\/wp-json\/wp\/v2\/users\/1"}],"replies":[{"embeddable":true,"href":"https:\/\/www.jura-trockenbau.de\/jtcms\/wp-json\/wp\/v2\/comments?post=12"}],"version-history":[{"count":8,"href":"https:\/\/www.jura-trockenbau.de\/jtcms\/wp-json\/wp\/v2\/pages\/12\/revisions"}],"predecessor-version":[{"id":573,"href":"https:\/\/www.jura-trockenbau.de\/jtcms\/wp-json\/wp\/v2\/pages\/12\/revisions\/573"}],"wp:featuredmedia":[{"embeddable":true,"href":"https:\/\/www.jura-trockenbau.de\/jtcms\/wp-json\/wp\/v2\/media\/36"}],"wp:attachment":[{"href":"https:\/\/www.jura-trockenbau.de\/jtcms\/wp-json\/wp\/v2\/media?parent=12"}],"curies":[{"name":"wp","href":"https:\/\/api.w.org\/{rel}","templated":true}]}}